{"id":28,"date":"2025-05-16T05:40:36","date_gmt":"2025-05-16T05:40:36","guid":{"rendered":"https:\/\/pakademia.de\/?page_id=28"},"modified":"2025-05-17T11:35:05","modified_gmt":"2025-05-17T11:35:05","slug":"about-us","status":"publish","type":"page","link":"https:\/\/pakademia.de\/de\/about-us\/","title":{"rendered":"\u00dcber Uns"},"content":{"rendered":"<div data-elementor-type=\"wp-page\" data-elementor-id=\"28\" class=\"elementor elementor-28\">\n\t\t\t\t\t\t<section class=\"elementor-section elementor-top-section elementor-element elementor-element-2ca3702 elementor-section-content-middle elementor-section-boxed elementor-section-height-default elementor-section-height-default\" data-id=\"2ca3702\" data-element_type=\"section\" data-e-type=\"section\" data-settings=\"{&quot;background_background&quot;:&quot;classic&quot;}\">\n\t\t\t\t\t\t\t<div class=\"elementor-background-overlay\"><\/div>\n\t\t\t\t\t\t\t<div class=\"elementor-container elementor-column-gap-default\">\n\t\t\t\t\t<div class=\"elementor-column elementor-col-100 elementor-top-column elementor-element elementor-element-21af66a4\" data-id=\"21af66a4\" data-element_type=\"column\" data-e-type=\"column\">\n\t\t\t<div class=\"elementor-widget-wrap elementor-element-populated\">\n\t\t\t\t\t\t<div class=\"elementor-element elementor-element-518bd889 elementor-widget elementor-widget-heading\" data-id=\"518bd889\" data-element_type=\"widget\" data-e-type=\"widget\" data-widget_type=\"heading.default\">\n\t\t\t\t<div class=\"elementor-widget-container\">\n\t\t\t\t\t<h2 class=\"elementor-heading-title elementor-size-default\">\u00dcber Uns<\/h2>\t\t\t\t<\/div>\n\t\t\t\t<\/div>\n\t\t\t\t<div class=\"elementor-element elementor-element-63a9cf89 elementor-icon-list--layout-inline elementor-align-center elementor-list-item-link-full_width elementor-widget elementor-widget-icon-list\" data-id=\"63a9cf89\" data-element_type=\"widget\" data-e-type=\"widget\" data-widget_type=\"icon-list.default\">\n\t\t\t\t<div class=\"elementor-widget-container\">\n\t\t\t\t\t\t\t<ul class=\"elementor-icon-list-items elementor-inline-items\">\n\t\t\t\t\t\t\t<li class=\"elementor-icon-list-item elementor-inline-item\">\n\t\t\t\t\t\t\t\t\t\t\t<a href=\"https:\/\/pakademia.de\/de\/\">\n\n\t\t\t\t\t\t\t\t\t\t\t<span class=\"elementor-icon-list-text\">Home<\/span>\n\t\t\t\t\t\t\t\t\t\t\t<\/a>\n\t\t\t\t\t\t\t\t\t<\/li>\n\t\t\t\t\t\t\t\t<li class=\"elementor-icon-list-item elementor-inline-item\">\n\t\t\t\t\t\t\t\t\t\t\t<span class=\"elementor-icon-list-icon\">\n\t\t\t\t\t\t\t<svg aria-hidden=\"true\" class=\"e-font-icon-svg e-fas-chevron-right\" viewbox=\"0 0 320 512\" xmlns=\"http:\/\/www.w3.org\/2000\/svg\"><path d=\"M285.476 272.971L91.132 467.314c-9.373 9.373-24.569 9.373-33.941 0l-22.667-22.667c-9.357-9.357-9.375-24.522-.04-33.901L188.505 256 34.484 101.255c-9.335-9.379-9.317-24.544.04-33.901l22.667-22.667c9.373-9.373 24.569-9.373 33.941 0L285.475 239.03c9.373 9.372 9.373 24.568.001 33.941z\"><\/path><\/svg>\t\t\t\t\t\t<\/span>\n\t\t\t\t\t\t\t\t\t\t<span class=\"elementor-icon-list-text\">\u00dcber Uns<\/span>\n\t\t\t\t\t\t\t\t\t<\/li>\n\t\t\t\t\t\t<\/ul>\n\t\t\t\t\t\t<\/div>\n\t\t\t\t<\/div>\n\t\t\t\t\t<\/div>\n\t\t<\/div>\n\t\t\t\t\t<\/div>\n\t\t<\/section>\n\t\t\t\t<section class=\"elementor-section elementor-top-section elementor-element elementor-element-498d101b elementor-reverse-tablet elementor-reverse-mobile elementor-section-boxed elementor-section-height-default elementor-section-height-default\" data-id=\"498d101b\" data-element_type=\"section\" data-e-type=\"section\">\n\t\t\t\t\t\t<div class=\"elementor-container elementor-column-gap-default\">\n\t\t\t\t\t<div class=\"elementor-column elementor-col-50 elementor-top-column elementor-element elementor-element-370e7b82\" data-id=\"370e7b82\" data-element_type=\"column\" data-e-type=\"column\">\n\t\t\t<div class=\"elementor-widget-wrap elementor-element-populated\">\n\t\t\t\t\t\t<div class=\"elementor-element elementor-element-5e2c267 elementor-widget elementor-widget-image\" data-id=\"5e2c267\" data-element_type=\"widget\" data-e-type=\"widget\" data-widget_type=\"image.default\">\n\t\t\t\t<div class=\"elementor-widget-container\">\n\t\t\t\t\t\t\t\t\t\t\t\t\t\t\t<img fetchpriority=\"high\" decoding=\"async\" width=\"800\" height=\"534\" src=\"https:\/\/pakademia.de\/wp-content\/uploads\/2025\/05\/medium-shot-man-holding-notebook_23-2149204749-1024x683.jpg\" class=\"attachment-large size-large wp-image-532\" alt=\"\" srcset=\"https:\/\/pakademia.de\/wp-content\/uploads\/2025\/05\/medium-shot-man-holding-notebook_23-2149204749-1024x683.jpg 1024w, https:\/\/pakademia.de\/wp-content\/uploads\/2025\/05\/medium-shot-man-holding-notebook_23-2149204749-600x400.jpg 600w, https:\/\/pakademia.de\/wp-content\/uploads\/2025\/05\/medium-shot-man-holding-notebook_23-2149204749-300x200.jpg 300w, https:\/\/pakademia.de\/wp-content\/uploads\/2025\/05\/medium-shot-man-holding-notebook_23-2149204749-768x512.jpg 768w, https:\/\/pakademia.de\/wp-content\/uploads\/2025\/05\/medium-shot-man-holding-notebook_23-2149204749.jpg 1380w\" sizes=\"(max-width: 800px) 100vw, 800px\" \/>\t\t\t\t\t\t\t\t\t\t\t\t\t\t\t<\/div>\n\t\t\t\t<\/div>\n\t\t\t\t\t<\/div>\n\t\t<\/div>\n\t\t\t\t<div class=\"elementor-column elementor-col-50 elementor-top-column elementor-element elementor-element-964cd75\" data-id=\"964cd75\" data-element_type=\"column\" data-e-type=\"column\">\n\t\t\t<div class=\"elementor-widget-wrap elementor-element-populated\">\n\t\t\t\t\t\t<div class=\"elementor-element elementor-element-dbd84a3 elementor-widget elementor-widget-jkit_animated_text\" data-id=\"dbd84a3\" data-element_type=\"widget\" data-e-type=\"widget\" data-widget_type=\"jkit_animated_text.default\">\n\t\t\t\t<div class=\"elementor-widget-container\">\n\t\t\t\t\t<div  class=\"jeg-elementor-kit jkit-animated-text jeg_module___6a02d02805dd6\"  data-style=\"highlighted\" data-text=\"We Are\" data-shape=\"underline\"><p class=\"animated-text\"><span class=\"normal-text style-color\">Wer <\/span><span class=\"dynamic-wrapper style-color\"><span class=\"dynamic-text\">Wir Sind<\/span><svg xmlns=\"http:\/\/www.w3.org\/2000\/svg\" viewbox=\"0 0 500 150\" preserveaspectratio=\"none\"><path class=\"style-color\"  d=\"M3,77.5s200.54-11,493,0\" transform=\"translate(-2.75 -68.11)\"\/><\/svg><\/span><span class=\"normal-text style-color\"><\/span><\/p><\/div>\t\t\t\t<\/div>\n\t\t\t\t<\/div>\n\t\t\t\t<div class=\"elementor-element elementor-element-55875b31 elementor-widget elementor-widget-text-editor\" data-id=\"55875b31\" data-element_type=\"widget\" data-e-type=\"widget\" data-widget_type=\"text-editor.default\">\n\t\t\t\t<div class=\"elementor-widget-container\">\n\t\t\t\t\t\t\t\t\t<p>PAKADEMIA ist eine purpose-driven-Plattform erstellt, um die L\u00fccke zwischen Deutschland w\u00e4chst die Nachfrage nach qualifizierten Arbeitskr\u00e4ften und die Bestrebungen Pakistan, die talentierte Jugend. Gegr\u00fcndet von Jungen Profis, die in Deutschland Leben, bringen wir die Erfahrung aus Erster Hand in cultural exchange, diversity-management und die internationalen recruiting \u2014 geben Sie real-world guidance von Menschen, die bereits den Weg gegangen, sich selbst.<\/p>\t\t\t\t\t\t\t\t<\/div>\n\t\t\t\t<\/div>\n\t\t\t\t<div class=\"elementor-element elementor-element-c1ad9c5 elementor-widget elementor-widget-text-editor\" data-id=\"c1ad9c5\" data-element_type=\"widget\" data-e-type=\"widget\" data-widget_type=\"text-editor.default\">\n\t\t\t\t<div class=\"elementor-widget-container\">\n\t\t\t\t\t\t\t\t\t<p><span style=\"text-decoration: underline;\"><em><strong>Unsere mission ist einfach:<\/strong><\/em><\/span><\/p><p><b>Vorbereiten, st\u00e4rken und verbinden.<\/b><\/p><p><span style=\"font-weight: 400;\">Mit professionellen deutschen Sprache Trainings, hands-on-kulturelle Ausrichtung und die echten links zu den Arbeitgebern, wir Ihnen helfen, navigieren Sie Ihren Weg aus Pakistan in eine vielversprechende Zukunft in Deutschland.<\/span><\/p><p><span style=\"text-decoration: underline;\"><em><b>Warum Wir Begonnen Haben:<\/b><\/em><\/span><b><br \/><\/b><span style=\"font-weight: 400;\"> Deutschland braucht Fachkr\u00e4fte. Pakistan hat eine helle, flei\u00dfig Personen, die nach M\u00f6glichkeiten suchen im Ausland. Wir sind hier, um die Punkte verbinden \u2014 ethisch, effektiv und pers\u00f6nlich.<\/span><\/p>\t\t\t\t\t\t\t\t<\/div>\n\t\t\t\t<\/div>\n\t\t\t\t<div class=\"elementor-element elementor-element-bafbd11 elementor-align-left animated-slow elementor-tablet-align-right elementor-mobile-align-left elementor-invisible elementor-widget elementor-widget-button\" data-id=\"bafbd11\" data-element_type=\"widget\" data-e-type=\"widget\" data-settings=\"{&quot;_animation&quot;:&quot;fadeInLeft&quot;}\" data-widget_type=\"button.default\">\n\t\t\t\t<div class=\"elementor-widget-container\">\n\t\t\t\t\t\t\t\t\t<div class=\"elementor-button-wrapper\">\n\t\t\t\t\t<a class=\"elementor-button elementor-button-link elementor-size-sm elementor-animation-float\" href=\"https:\/\/pakademia.de\/de\/contact-us\/\">\n\t\t\t\t\t\t<span class=\"elementor-button-content-wrapper\">\n\t\t\t\t\t\t\t\t\t<span class=\"elementor-button-text\">Kontaktieren Sie Uns<\/span>\n\t\t\t\t\t<\/span>\n\t\t\t\t\t<\/a>\n\t\t\t\t<\/div>\n\t\t\t\t\t\t\t\t<\/div>\n\t\t\t\t<\/div>\n\t\t\t\t\t<\/div>\n\t\t<\/div>\n\t\t\t\t\t<\/div>\n\t\t<\/section>\n\t\t<div class=\"elementor-element elementor-element-fe9d82c e-flex e-con-boxed e-con e-parent\" data-id=\"fe9d82c\" data-element_type=\"container\" data-e-type=\"container\" data-settings=\"{&quot;background_background&quot;:&quot;classic&quot;}\">\n\t\t\t\t\t<div class=\"e-con-inner\">\n\t\t\t\t<div class=\"elementor-element elementor-element-4d9f4a0 elementor-widget elementor-widget-jkit_animated_text\" data-id=\"4d9f4a0\" data-element_type=\"widget\" data-e-type=\"widget\" data-widget_type=\"jkit_animated_text.default\">\n\t\t\t\t<div class=\"elementor-widget-container\">\n\t\t\t\t\t<div  class=\"jeg-elementor-kit jkit-animated-text jeg_module__1_6a02d02807438\"  data-style=\"highlighted\" data-text=\"  Focus \" data-shape=\"underline\"><p class=\"animated-text\"><span class=\"normal-text style-color\">Unsere <\/span><span class=\"dynamic-wrapper style-color\"><span class=\"dynamic-text\">  Fokus <\/span><svg xmlns=\"http:\/\/www.w3.org\/2000\/svg\" viewbox=\"0 0 500 150\" preserveaspectratio=\"none\"><path class=\"style-color\"  d=\"M3,77.5s200.54-11,493,0\" transform=\"translate(-2.75 -68.11)\"\/><\/svg><\/span><span class=\"normal-text style-color\"> Bereiche<\/span><\/p><\/div>\t\t\t\t<\/div>\n\t\t\t\t<\/div>\n\t\t\t\t\t<\/div>\n\t\t\t\t<\/div>\n\t\t\t\t<section class=\"elementor-section elementor-top-section elementor-element elementor-element-2b3144e animated-slow elementor-section-boxed elementor-section-height-default elementor-section-height-default elementor-invisible\" data-id=\"2b3144e\" data-element_type=\"section\" data-e-type=\"section\" data-settings=\"{&quot;animation&quot;:&quot;fadeInUp&quot;,&quot;animation_delay&quot;:80,&quot;background_background&quot;:&quot;classic&quot;}\">\n\t\t\t\t\t\t<div class=\"elementor-container elementor-column-gap-default\">\n\t\t\t\t\t<div class=\"elementor-column elementor-col-33 elementor-top-column elementor-element elementor-element-5b4b02c\" data-id=\"5b4b02c\" data-element_type=\"column\" data-e-type=\"column\" data-settings=\"{&quot;background_background&quot;:&quot;classic&quot;}\">\n\t\t\t<div class=\"elementor-widget-wrap elementor-element-populated\">\n\t\t\t\t\t\t<div class=\"elementor-element elementor-element-1f925c6 elementor-widget elementor-widget-image\" data-id=\"1f925c6\" data-element_type=\"widget\" data-e-type=\"widget\" data-widget_type=\"image.default\">\n\t\t\t\t<div class=\"elementor-widget-container\">\n\t\t\t\t\t\t\t\t\t\t\t\t\t\t\t<img decoding=\"async\" width=\"800\" height=\"561\" src=\"https:\/\/pakademia.de\/wp-content\/uploads\/2025\/05\/learn-german-language-online-education-concept_53876-120941-1024x718.jpg\" class=\"attachment-large size-large wp-image-259\" alt=\"\" srcset=\"https:\/\/pakademia.de\/wp-content\/uploads\/2025\/05\/learn-german-language-online-education-concept_53876-120941-1024x718.jpg 1024w, https:\/\/pakademia.de\/wp-content\/uploads\/2025\/05\/learn-german-language-online-education-concept_53876-120941-600x421.jpg 600w, https:\/\/pakademia.de\/wp-content\/uploads\/2025\/05\/learn-german-language-online-education-concept_53876-120941-300x210.jpg 300w, https:\/\/pakademia.de\/wp-content\/uploads\/2025\/05\/learn-german-language-online-education-concept_53876-120941-768x539.jpg 768w, https:\/\/pakademia.de\/wp-content\/uploads\/2025\/05\/learn-german-language-online-education-concept_53876-120941.jpg 1380w\" sizes=\"(max-width: 800px) 100vw, 800px\" \/>\t\t\t\t\t\t\t\t\t\t\t\t\t\t\t<\/div>\n\t\t\t\t<\/div>\n\t\t\t\t<div class=\"elementor-element elementor-element-5c2fe45 elementor-widget elementor-widget-icon-box\" data-id=\"5c2fe45\" data-element_type=\"widget\" data-e-type=\"widget\" data-widget_type=\"icon-box.default\">\n\t\t\t\t<div class=\"elementor-widget-container\">\n\t\t\t\t\t\t\t<div class=\"elementor-icon-box-wrapper\">\n\n\t\t\t\n\t\t\t\t\t\t<div class=\"elementor-icon-box-content\">\n\n\t\t\t\t\t\t\t\t\t<h3 class=\"elementor-icon-box-title\">\n\t\t\t\t\t\t<span  >\n\t\t\t\t\t\t\tDeutschunterricht (A1\u2013B2)\t\t\t\t\t\t<\/span>\n\t\t\t\t\t<\/h3>\n\t\t\t\t\n\t\t\t\t\n\t\t\t<\/div>\n\t\t\t\n\t\t<\/div>\n\t\t\t\t\t\t<\/div>\n\t\t\t\t<\/div>\n\t\t\t\t\t<\/div>\n\t\t<\/div>\n\t\t\t\t<div class=\"elementor-column elementor-col-33 elementor-top-column elementor-element elementor-element-48c2b02\" data-id=\"48c2b02\" data-element_type=\"column\" data-e-type=\"column\" data-settings=\"{&quot;background_background&quot;:&quot;classic&quot;}\">\n\t\t\t<div class=\"elementor-widget-wrap elementor-element-populated\">\n\t\t\t\t\t\t<div class=\"elementor-element elementor-element-644427a elementor-widget elementor-widget-image\" data-id=\"644427a\" data-element_type=\"widget\" data-e-type=\"widget\" data-widget_type=\"image.default\">\n\t\t\t\t<div class=\"elementor-widget-container\">\n\t\t\t\t\t\t\t\t\t\t\t\t\t\t\t<img decoding=\"async\" width=\"740\" height=\"494\" src=\"https:\/\/pakademia.de\/wp-content\/uploads\/2025\/05\/german-medicine-healthcare-concept-doctor-close-up-against-flag-germany-background_263368-19525.jpg\" class=\"attachment-large size-large wp-image-266\" alt=\"\" srcset=\"https:\/\/pakademia.de\/wp-content\/uploads\/2025\/05\/german-medicine-healthcare-concept-doctor-close-up-against-flag-germany-background_263368-19525.jpg 740w, https:\/\/pakademia.de\/wp-content\/uploads\/2025\/05\/german-medicine-healthcare-concept-doctor-close-up-against-flag-germany-background_263368-19525-600x401.jpg 600w, https:\/\/pakademia.de\/wp-content\/uploads\/2025\/05\/german-medicine-healthcare-concept-doctor-close-up-against-flag-germany-background_263368-19525-300x200.jpg 300w\" sizes=\"(max-width: 740px) 100vw, 740px\" \/>\t\t\t\t\t\t\t\t\t\t\t\t\t\t\t<\/div>\n\t\t\t\t<\/div>\n\t\t\t\t<div class=\"elementor-element elementor-element-f8141ad elementor-widget elementor-widget-icon-box\" data-id=\"f8141ad\" data-element_type=\"widget\" data-e-type=\"widget\" data-widget_type=\"icon-box.default\">\n\t\t\t\t<div class=\"elementor-widget-container\">\n\t\t\t\t\t\t\t<div class=\"elementor-icon-box-wrapper\">\n\n\t\t\t\n\t\t\t\t\t\t<div class=\"elementor-icon-box-content\">\n\n\t\t\t\t\t\t\t\t\t<h3 class=\"elementor-icon-box-title\">\n\t\t\t\t\t\t<span  >\n\t\t\t\t\t\t\tSpezialisierte Medizinische Sprachkurse\t\t\t\t\t\t<\/span>\n\t\t\t\t\t<\/h3>\n\t\t\t\t\n\t\t\t\t\n\t\t\t<\/div>\n\t\t\t\n\t\t<\/div>\n\t\t\t\t\t\t<\/div>\n\t\t\t\t<\/div>\n\t\t\t\t\t<\/div>\n\t\t<\/div>\n\t\t\t\t<div class=\"elementor-column elementor-col-33 elementor-top-column elementor-element elementor-element-2376c05\" data-id=\"2376c05\" data-element_type=\"column\" data-e-type=\"column\" data-settings=\"{&quot;background_background&quot;:&quot;classic&quot;}\">\n\t\t\t<div class=\"elementor-widget-wrap elementor-element-populated\">\n\t\t\t\t\t\t<div class=\"elementor-element elementor-element-20122e2 elementor-widget elementor-widget-image\" data-id=\"20122e2\" data-element_type=\"widget\" data-e-type=\"widget\" data-widget_type=\"image.default\">\n\t\t\t\t<div class=\"elementor-widget-container\">\n\t\t\t\t\t\t\t\t\t\t\t\t\t\t\t<img loading=\"lazy\" decoding=\"async\" width=\"683\" height=\"1024\" src=\"https:\/\/pakademia.de\/wp-content\/uploads\/2025\/05\/frankfurt-old-town_63253-210-683x1024.jpg\" class=\"attachment-large size-large wp-image-267\" alt=\"\" srcset=\"https:\/\/pakademia.de\/wp-content\/uploads\/2025\/05\/frankfurt-old-town_63253-210-683x1024.jpg 683w, https:\/\/pakademia.de\/wp-content\/uploads\/2025\/05\/frankfurt-old-town_63253-210-600x900.jpg 600w, https:\/\/pakademia.de\/wp-content\/uploads\/2025\/05\/frankfurt-old-town_63253-210-200x300.jpg 200w, https:\/\/pakademia.de\/wp-content\/uploads\/2025\/05\/frankfurt-old-town_63253-210.jpg 740w\" sizes=\"(max-width: 683px) 100vw, 683px\" \/>\t\t\t\t\t\t\t\t\t\t\t\t\t\t\t<\/div>\n\t\t\t\t<\/div>\n\t\t\t\t<div class=\"elementor-element elementor-element-74ee4e1 elementor-widget elementor-widget-icon-box\" data-id=\"74ee4e1\" data-element_type=\"widget\" data-e-type=\"widget\" data-widget_type=\"icon-box.default\">\n\t\t\t\t<div class=\"elementor-widget-container\">\n\t\t\t\t\t\t\t<div class=\"elementor-icon-box-wrapper\">\n\n\t\t\t\n\t\t\t\t\t\t<div class=\"elementor-icon-box-content\">\n\n\t\t\t\t\t\t\t\t\t<h3 class=\"elementor-icon-box-title\">\n\t\t\t\t\t\t<span  >\n\t\t\t\t\t\t\tKulturelle Integration Kurse\t\t\t\t\t\t<\/span>\n\t\t\t\t\t<\/h3>\n\t\t\t\t\n\t\t\t\t\n\t\t\t<\/div>\n\t\t\t\n\t\t<\/div>\n\t\t\t\t\t\t<\/div>\n\t\t\t\t<\/div>\n\t\t\t\t\t<\/div>\n\t\t<\/div>\n\t\t\t\t\t<\/div>\n\t\t<\/section>\n\t\t\t\t<section class=\"elementor-section elementor-top-section elementor-element elementor-element-c4a053a animated-slow elementor-section-boxed elementor-section-height-default elementor-section-height-default elementor-invisible\" data-id=\"c4a053a\" data-element_type=\"section\" data-e-type=\"section\" data-settings=\"{&quot;animation&quot;:&quot;fadeInUp&quot;,&quot;animation_delay&quot;:80,&quot;background_background&quot;:&quot;classic&quot;}\">\n\t\t\t\t\t\t<div class=\"elementor-container elementor-column-gap-default\">\n\t\t\t\t\t<div class=\"elementor-column elementor-col-33 elementor-top-column elementor-element elementor-element-df8fa9f\" data-id=\"df8fa9f\" data-element_type=\"column\" data-e-type=\"column\" data-settings=\"{&quot;background_background&quot;:&quot;classic&quot;}\">\n\t\t\t<div class=\"elementor-widget-wrap elementor-element-populated\">\n\t\t\t\t\t\t<div class=\"elementor-element elementor-element-a2d1ee1 elementor-widget elementor-widget-image\" data-id=\"a2d1ee1\" data-element_type=\"widget\" data-e-type=\"widget\" data-widget_type=\"image.default\">\n\t\t\t\t<div class=\"elementor-widget-container\">\n\t\t\t\t\t\t\t\t\t\t\t\t\t\t\t<img loading=\"lazy\" decoding=\"async\" width=\"800\" height=\"534\" src=\"https:\/\/pakademia.de\/wp-content\/uploads\/2025\/05\/medium-shot-smiley-people-traveling_23-2149249197-1024x683.jpg\" class=\"attachment-large size-large wp-image-269\" alt=\"\" srcset=\"https:\/\/pakademia.de\/wp-content\/uploads\/2025\/05\/medium-shot-smiley-people-traveling_23-2149249197-1024x683.jpg 1024w, https:\/\/pakademia.de\/wp-content\/uploads\/2025\/05\/medium-shot-smiley-people-traveling_23-2149249197-600x400.jpg 600w, https:\/\/pakademia.de\/wp-content\/uploads\/2025\/05\/medium-shot-smiley-people-traveling_23-2149249197-300x200.jpg 300w, https:\/\/pakademia.de\/wp-content\/uploads\/2025\/05\/medium-shot-smiley-people-traveling_23-2149249197-768x512.jpg 768w, https:\/\/pakademia.de\/wp-content\/uploads\/2025\/05\/medium-shot-smiley-people-traveling_23-2149249197.jpg 1380w\" sizes=\"(max-width: 800px) 100vw, 800px\" \/>\t\t\t\t\t\t\t\t\t\t\t\t\t\t\t<\/div>\n\t\t\t\t<\/div>\n\t\t\t\t<div class=\"elementor-element elementor-element-46d15f2 elementor-widget elementor-widget-icon-box\" data-id=\"46d15f2\" data-element_type=\"widget\" data-e-type=\"widget\" data-widget_type=\"icon-box.default\">\n\t\t\t\t<div class=\"elementor-widget-container\">\n\t\t\t\t\t\t\t<div class=\"elementor-icon-box-wrapper\">\n\n\t\t\t\n\t\t\t\t\t\t<div class=\"elementor-icon-box-content\">\n\n\t\t\t\t\t\t\t\t\t<h3 class=\"elementor-icon-box-title\">\n\t\t\t\t\t\t<span  >\n\t\t\t\t\t\t\tEhepartner Visum Unterst\u00fctzung\t\t\t\t\t\t<\/span>\n\t\t\t\t\t<\/h3>\n\t\t\t\t\n\t\t\t\t\n\t\t\t<\/div>\n\t\t\t\n\t\t<\/div>\n\t\t\t\t\t\t<\/div>\n\t\t\t\t<\/div>\n\t\t\t\t\t<\/div>\n\t\t<\/div>\n\t\t\t\t<div class=\"elementor-column elementor-col-33 elementor-top-column elementor-element elementor-element-e5c53d8\" data-id=\"e5c53d8\" data-element_type=\"column\" data-e-type=\"column\" data-settings=\"{&quot;background_background&quot;:&quot;classic&quot;}\">\n\t\t\t<div class=\"elementor-widget-wrap elementor-element-populated\">\n\t\t\t\t\t\t<div class=\"elementor-element elementor-element-ceeb7b6 elementor-widget elementor-widget-image\" data-id=\"ceeb7b6\" data-element_type=\"widget\" data-e-type=\"widget\" data-widget_type=\"image.default\">\n\t\t\t\t<div class=\"elementor-widget-container\">\n\t\t\t\t\t\t\t\t\t\t\t\t\t\t\t<img loading=\"lazy\" decoding=\"async\" width=\"800\" height=\"534\" src=\"https:\/\/pakademia.de\/wp-content\/uploads\/2025\/05\/portrait-smiling-attractive-man-woman_171337-18723-1024x683.jpg\" class=\"attachment-large size-large wp-image-270\" alt=\"\" srcset=\"https:\/\/pakademia.de\/wp-content\/uploads\/2025\/05\/portrait-smiling-attractive-man-woman_171337-18723-1024x683.jpg 1024w, https:\/\/pakademia.de\/wp-content\/uploads\/2025\/05\/portrait-smiling-attractive-man-woman_171337-18723-600x400.jpg 600w, https:\/\/pakademia.de\/wp-content\/uploads\/2025\/05\/portrait-smiling-attractive-man-woman_171337-18723-300x200.jpg 300w, https:\/\/pakademia.de\/wp-content\/uploads\/2025\/05\/portrait-smiling-attractive-man-woman_171337-18723-768x512.jpg 768w, https:\/\/pakademia.de\/wp-content\/uploads\/2025\/05\/portrait-smiling-attractive-man-woman_171337-18723.jpg 1380w\" sizes=\"(max-width: 800px) 100vw, 800px\" \/>\t\t\t\t\t\t\t\t\t\t\t\t\t\t\t<\/div>\n\t\t\t\t<\/div>\n\t\t\t\t<div class=\"elementor-element elementor-element-f34d133 elementor-widget elementor-widget-icon-box\" data-id=\"f34d133\" data-element_type=\"widget\" data-e-type=\"widget\" data-widget_type=\"icon-box.default\">\n\t\t\t\t<div class=\"elementor-widget-container\">\n\t\t\t\t\t\t\t<div class=\"elementor-icon-box-wrapper\">\n\n\t\t\t\n\t\t\t\t\t\t<div class=\"elementor-icon-box-content\">\n\n\t\t\t\t\t\t\t\t\t<h3 class=\"elementor-icon-box-title\">\n\t\t\t\t\t\t<span  >\n\t\t\t\t\t\t\tArbeitgeber Matchmaking\t\t\t\t\t\t<\/span>\n\t\t\t\t\t<\/h3>\n\t\t\t\t\n\t\t\t\t\n\t\t\t<\/div>\n\t\t\t\n\t\t<\/div>\n\t\t\t\t\t\t<\/div>\n\t\t\t\t<\/div>\n\t\t\t\t\t<\/div>\n\t\t<\/div>\n\t\t\t\t<div class=\"elementor-column elementor-col-33 elementor-top-column elementor-element elementor-element-d92ddd4\" data-id=\"d92ddd4\" data-element_type=\"column\" data-e-type=\"column\" data-settings=\"{&quot;background_background&quot;:&quot;classic&quot;}\">\n\t\t\t<div class=\"elementor-widget-wrap elementor-element-populated\">\n\t\t\t\t\t\t<div class=\"elementor-element elementor-element-d983922 elementor-widget elementor-widget-image\" data-id=\"d983922\" data-element_type=\"widget\" data-e-type=\"widget\" data-widget_type=\"image.default\">\n\t\t\t\t<div class=\"elementor-widget-container\">\n\t\t\t\t\t\t\t\t\t\t\t\t\t\t\t<img loading=\"lazy\" decoding=\"async\" width=\"800\" height=\"534\" src=\"https:\/\/pakademia.de\/wp-content\/uploads\/2025\/05\/professional-lawyer-ex-1024x683.jpg\" class=\"attachment-large size-large wp-image-271\" alt=\"\" srcset=\"https:\/\/pakademia.de\/wp-content\/uploads\/2025\/05\/professional-lawyer-ex-1024x683.jpg 1024w, https:\/\/pakademia.de\/wp-content\/uploads\/2025\/05\/professional-lawyer-ex-600x400.jpg 600w, https:\/\/pakademia.de\/wp-content\/uploads\/2025\/05\/professional-lawyer-ex-300x200.jpg 300w, https:\/\/pakademia.de\/wp-content\/uploads\/2025\/05\/professional-lawyer-ex-768x512.jpg 768w, https:\/\/pakademia.de\/wp-content\/uploads\/2025\/05\/professional-lawyer-ex.jpg 1380w\" sizes=\"(max-width: 800px) 100vw, 800px\" \/>\t\t\t\t\t\t\t\t\t\t\t\t\t\t\t<\/div>\n\t\t\t\t<\/div>\n\t\t\t\t<div class=\"elementor-element elementor-element-4a0b73e elementor-widget elementor-widget-icon-box\" data-id=\"4a0b73e\" data-element_type=\"widget\" data-e-type=\"widget\" data-widget_type=\"icon-box.default\">\n\t\t\t\t<div class=\"elementor-widget-container\">\n\t\t\t\t\t\t\t<div class=\"elementor-icon-box-wrapper\">\n\n\t\t\t\n\t\t\t\t\t\t<div class=\"elementor-icon-box-content\">\n\n\t\t\t\t\t\t\t\t\t<h3 class=\"elementor-icon-box-title\">\n\t\t\t\t\t\t<span  >\n\t\t\t\t\t\t\tBeratung\t\t\t\t\t\t<\/span>\n\t\t\t\t\t<\/h3>\n\t\t\t\t\n\t\t\t\t\n\t\t\t<\/div>\n\t\t\t\n\t\t<\/div>\n\t\t\t\t\t\t<\/div>\n\t\t\t\t<\/div>\n\t\t\t\t\t<\/div>\n\t\t<\/div>\n\t\t\t\t\t<\/div>\n\t\t<\/section>\n\t\t\t\t<\/div>","protected":false},"excerpt":{"rendered":"<p>About Us Home About Us Who We Are PAKADEMIA is a purpose-driven platform created to bridge the gap between Germany\u2019s growing demand for skilled workers and the aspirations of Pakistan\u2019s talented youth. Founded by young professionals living in Germany, we bring firsthand experience in cultural exchange, diversity management, and international recruiting \u2014 giving you real-world [&hellip;]<\/p>\n","protected":false},"author":4,"featured_media":0,"parent":0,"menu_order":0,"comment_status":"closed","ping_status":"closed","template":"elementor_header_footer","meta":{"footnotes":""},"class_list":["post-28","page","type-page","status-publish","hentry"],"_links":{"self":[{"href":"https:\/\/pakademia.de\/de\/wp-json\/wp\/v2\/pages\/28","targetHints":{"allow":["GET"]}}],"collection":[{"href":"https:\/\/pakademia.de\/de\/wp-json\/wp\/v2\/pages"}],"about":[{"href":"https:\/\/pakademia.de\/de\/wp-json\/wp\/v2\/types\/page"}],"author":[{"embeddable":true,"href":"https:\/\/pakademia.de\/de\/wp-json\/wp\/v2\/users\/4"}],"replies":[{"embeddable":true,"href":"https:\/\/pakademia.de\/de\/wp-json\/wp\/v2\/comments?post=28"}],"version-history":[{"count":55,"href":"https:\/\/pakademia.de\/de\/wp-json\/wp\/v2\/pages\/28\/revisions"}],"predecessor-version":[{"id":535,"href":"https:\/\/pakademia.de\/de\/wp-json\/wp\/v2\/pages\/28\/revisions\/535"}],"wp:attachment":[{"href":"https:\/\/pakademia.de\/de\/wp-json\/wp\/v2\/media?parent=28"}],"curies":[{"name":"wp","href":"https:\/\/api.w.org\/{rel}","templated":true}]}}